{"id":204,"date":"2025-03-11T22:07:31","date_gmt":"2025-03-11T22:07:31","guid":{"rendered":"https:\/\/mettestrong.dk\/?page_id=204"},"modified":"2025-03-11T22:09:58","modified_gmt":"2025-03-11T22:09:58","slug":"i-mellem-tiden-dk-tekst","status":"publish","type":"page","link":"http:\/\/mettestrong.dk\/?page_id=204","title":{"rendered":"i mellem tiden DK tekst"},"content":{"rendered":"\n<p>Skulpturen <em>i mellem tiden<\/em>&nbsp; er skabt af kunstner Mette Mailund Strong og udf\u00f8rt i t\u00e6t samarbejde med smed Troels Mikkelsen.<\/p>\n\n\n\n<p>Form\u00e5let med skulpturen er at skabe et markant kunstv\u00e6rk der inviterer til bev\u00e6gelse og bidrager til \u00e6stetiske, kunstneriske oplevelser samt nysgerrige unders\u00f8gelser.<\/p>\n\n\n\n<p>V\u00e6rket tager udgangspunkt i Egedal Kommunes vision om hverdag og f\u00e6llesskab i bev\u00e6gelse, og beskueren opfordres til at vandre omkring- , igennem- og imellem skulpturens fremkaldte og opl\u00f8ste \u201cv\u00e6gge\u201d.<br><\/p>\n\n\n\n<p>V\u00e6rkets titel <em>i mellem tiden<\/em> henviser til de referencer fra fortid, nutid og fremtid der kan ses i skulpturen, hvor inspiration fra f.eks. svingkarussellen, soluret og Stonehenge ogs\u00e5 kan anes, og hvor sammenfald af erfaringer, f\u00f8lelser og dr\u00f8mme kan m\u00f8des p\u00e5 tv\u00e6rs af begrebet tid.<\/p>\n\n\n\n<p>Konkret kan du bev\u00e6ge dig rundt<em> i mellem tiden<\/em>, fra markante symboler fra bronzealderen til unges fortolkning af nutid og fremtid, en fremtid de selv spiller hovedrollen i.<\/p>\n\n\n\n<p>Mere abstrakt beskriver mellem-tid et tidsrum, et mellemrum mellem to aktiviteter. Det kan betegnes som spildtid, ventetid, en pause, et \u00e5ndehul, et vakuum\u2026\u2026.<\/p>\n\n\n\n<p>Livet er fyldt med mellemtider og vi bev\u00e6ger os i dagligdagen forholdsvis let i mellem tider f.eks. qua forskellige generationer. Fra gammelt til nyt tankegods, traditioner, overbevisninger o.s.v. og omvendt.<\/p>\n\n\n\n<p>Skulpturens uoverskuelige virvar af&nbsp; sk\u00e6ve vinkler er inspireret af husgavle og vinkler i boliger og parcelhuse der ses i omr\u00e5det og som er s\u00e5 karakteristiske for kommunen. Det hele er bundet sammen af et&nbsp; r\u00f8dt b\u00e5nd der bev\u00e6ger sig som en uendelig tr\u00e5d rundt i hele v\u00e6rket.&nbsp;<\/p>\n\n\n\n<p>Tak for samarbejdet til Billedkunstholdet og&nbsp; underviser Anders Breiner fra Egedal Gymnasium som med stort engagement har bidraget med tegninger og ord. Tak ogs\u00e5 til Seniorforsker Flemming Kaul fra Nationalmusset som har ydet velvillig bistand i bronzealderens fort\u00e6llinger, billedmateriale og symbolverden fra stedsspecifikke fund fra omr\u00e5det.<\/p>\n\n\n\n<p>I mellem tiden<br>st\u00e5l og aluminium, lasergravering.<\/p>\n\n\n\n<p>Mette Mailund Strong, 2021<\/p>\n","protected":false},"excerpt":{"rendered":"<p>Skulpturen i mellem tiden&nbsp; er skabt af kunstner Mette Mailund Strong og udf\u00f8rt i t\u00e6t samarbejde med smed Troels Mikkelsen. Form\u00e5let med skulpturen er at [&#8230;]<\/p>\n","protected":false},"author":1,"featured_media":0,"parent":0,"menu_order":0,"comment_status":"closed","ping_status":"closed","template":"","meta":{"footnotes":""},"class_list":["post-204","page","type-page","status-publish","hentry"],"_links":{"self":[{"href":"http:\/\/mettestrong.dk\/index.php?rest_route=\/wp\/v2\/pages\/204","targetHints":{"allow":["GET"]}}],"collection":[{"href":"http:\/\/mettestrong.dk\/index.php?rest_route=\/wp\/v2\/pages"}],"about":[{"href":"http:\/\/mettestrong.dk\/index.php?rest_route=\/wp\/v2\/types\/page"}],"author":[{"embeddable":true,"href":"http:\/\/mettestrong.dk\/index.php?rest_route=\/wp\/v2\/users\/1"}],"replies":[{"embeddable":true,"href":"http:\/\/mettestrong.dk\/index.php?rest_route=%2Fwp%2Fv2%2Fcomments&post=204"}],"version-history":[{"count":3,"href":"http:\/\/mettestrong.dk\/index.php?rest_route=\/wp\/v2\/pages\/204\/revisions"}],"predecessor-version":[{"id":208,"href":"http:\/\/mettestrong.dk\/index.php?rest_route=\/wp\/v2\/pages\/204\/revisions\/208"}],"wp:attachment":[{"href":"http:\/\/mettestrong.dk\/index.php?rest_route=%2Fwp%2Fv2%2Fmedia&parent=204"}],"curies":[{"name":"wp","href":"https:\/\/api.w.org\/{rel}","templated":true}]}}